{"id":1733,"date":"2025-05-12T09:00:51","date_gmt":"2025-05-12T09:00:51","guid":{"rendered":"https:\/\/aracabsalut.com\/rehabilitacio-al-baix-llobregat\/"},"modified":"2025-05-12T09:00:51","modified_gmt":"2025-05-12T09:00:51","slug":"rehabilitacio-al-baix-llobregat","status":"publish","type":"page","link":"https:\/\/aracabsalut.com\/es\/rehabilitacio-al-baix-llobregat\/","title":{"rendered":"Rehabilitaci\u00f3 al Baix Llobregat"},"content":{"rendered":"\t\t<div data-elementor-type=\"wp-page\" data-elementor-id=\"1733\" class=\"elementor elementor-1733 elementor-1719\" data-elementor-post-type=\"page\">\n\t\t\t\t\t\t<section class=\"elementor-section elementor-top-section elementor-element elementor-element-bc898c0 elementor-section-full_width elementor-section-height-min-height elementor-section-height-default elementor-section-items-middle\" data-id=\"bc898c0\" data-element_type=\"section\" data-settings=\"{&quot;background_background&quot;:&quot;classic&quot;}\">\n\t\t\t\t\t\t\t<div class=\"elementor-background-overlay\"><\/div>\n\t\t\t\t\t\t\t<div class=\"elementor-container elementor-column-gap-default\">\n\t\t\t\t\t<div class=\"elementor-column elementor-col-100 elementor-top-column elementor-element elementor-element-8621efa\" data-id=\"8621efa\" data-element_type=\"column\">\n\t\t\t<div class=\"elementor-widget-wrap elementor-element-populated\">\n\t\t\t\t\t\t<div class=\"elementor-element elementor-element-42f7f45 elementor-widget elementor-widget-heading\" data-id=\"42f7f45\" data-element_type=\"widget\" data-widget_type=\"heading.default\">\n\t\t\t\t<div class=\"elementor-widget-container\">\n\t\t\t\t\t<h1 class=\"elementor-heading-title elementor-size-default\">Rehabilitaci\u00f3 al Baix Llobregat<\/h1>\t\t\t\t<\/div>\n\t\t\t\t<\/div>\n\t\t\t\t<div class=\"elementor-element elementor-element-af1c956 elementor-widget__width-initial elementor-widget elementor-widget-text-editor\" data-id=\"af1c956\" data-element_type=\"widget\" data-widget_type=\"text-editor.default\">\n\t\t\t\t<div class=\"elementor-widget-container\">\n\t\t\t\t\t\t\t\t\tNo cal tenir una m\u00fatua sanit\u00e0ria per rebre un bon tractament en cas de patir lesions agudes que requereixen un tractament repetit en un espai curt de temps.\t\t\t\t\t\t\t\t<\/div>\n\t\t\t\t<\/div>\n\t\t\t\t\t<\/div>\n\t\t<\/div>\n\t\t\t\t\t<\/div>\n\t\t<\/section>\n\t\t\t\t<section class=\"elementor-section elementor-top-section elementor-element elementor-element-c2ccc4e elementor-section-boxed elementor-section-height-default elementor-section-height-default\" data-id=\"c2ccc4e\" data-element_type=\"section\" data-settings=\"{&quot;background_background&quot;:&quot;classic&quot;}\">\n\t\t\t\t\t\t<div class=\"elementor-container elementor-column-gap-default\">\n\t\t\t\t\t<div class=\"elementor-column elementor-col-100 elementor-top-column elementor-element elementor-element-84dd16b\" data-id=\"84dd16b\" data-element_type=\"column\">\n\t\t\t<div class=\"elementor-widget-wrap elementor-element-populated\">\n\t\t\t\t\t\t<section class=\"elementor-section elementor-inner-section elementor-element elementor-element-b93d67f elementor-section-boxed elementor-section-height-default elementor-section-height-default\" data-id=\"b93d67f\" data-element_type=\"section\" data-settings=\"{&quot;background_background&quot;:&quot;classic&quot;}\">\n\t\t\t\t\t\t\t<div class=\"elementor-background-overlay\"><\/div>\n\t\t\t\t\t\t\t<div class=\"elementor-container elementor-column-gap-wider\">\n\t\t\t\t\t<div class=\"elementor-column elementor-col-50 elementor-inner-column elementor-element elementor-element-499d00e\" data-id=\"499d00e\" data-element_type=\"column\">\n\t\t\t<div class=\"elementor-widget-wrap elementor-element-populated\">\n\t\t\t\t\t\t<div class=\"elementor-element elementor-element-b7dadb3 elementor-widget elementor-widget-heading\" data-id=\"b7dadb3\" data-element_type=\"widget\" data-widget_type=\"heading.default\">\n\t\t\t\t<div class=\"elementor-widget-container\">\n\t\t\t\t\t<h2 class=\"elementor-heading-title elementor-size-default\">Centre de rehabilitaci\u00f3 al Baix Llobregat<\/h2>\t\t\t\t<\/div>\n\t\t\t\t<\/div>\n\t\t\t\t<div class=\"elementor-element elementor-element-326c538 elementor-widget elementor-widget-text-editor\" data-id=\"326c538\" data-element_type=\"widget\" data-widget_type=\"text-editor.default\">\n\t\t\t\t<div class=\"elementor-widget-container\">\n\t\t\t\t\t\t\t\t\t<p>Aquests tractaments de rehabilitaci\u00f3 poden resultar costosos, especialment pel nombre elevat de sessions que poden requerir. No obstant aix\u00f2, a <b>ARACAB<\/b> ens comprometem a proporcionar tots els recursos de fisioter\u00e0pia necessaris amb una f\u00f3rmula econ\u00f2mica i atractiva.<\/p>\t\t\t\t\t\t\t\t<\/div>\n\t\t\t\t<\/div>\n\t\t\t\t<div class=\"elementor-element elementor-element-d8c6588 elementor-widget elementor-widget-text-editor\" data-id=\"d8c6588\" data-element_type=\"widget\" data-widget_type=\"text-editor.default\">\n\t\t\t\t<div class=\"elementor-widget-container\">\n\t\t\t\t\t\t\t\t\t<p>Els <b>Packs de Rehabilitaci\u00f3<\/b> que oferim inclouen una \u00e0mplia gamma de ter\u00e0pies, com la ter\u00e0pia manual, la electroter\u00e0pia, la ultrasonoter\u00e0pia, la crioter\u00e0pia, la magnetoter\u00e0pia, la vibroter\u00e0pia, la termoter\u00e0pia, a m\u00e9s dels exercicis indicats per a la seva recuperaci\u00f3. Amb aquests packs, els pacients tenen l&#8217;oportunitat de rebre tractament a un preu molt interessant, permetent-los accedir a m\u00faltiples sessions fins que la seva lesi\u00f3 desaparegui i es recuperin completament. Aix\u00f2 ofereix una soluci\u00f3 accessible i efectiva per al seu proc\u00e9s de rehabilitaci\u00f3.<\/p>\t\t\t\t\t\t\t\t<\/div>\n\t\t\t\t<\/div>\n\t\t\t\t\t<\/div>\n\t\t<\/div>\n\t\t\t\t<div class=\"elementor-column elementor-col-50 elementor-inner-column elementor-element elementor-element-8b82849\" data-id=\"8b82849\" data-element_type=\"column\">\n\t\t\t<div class=\"elementor-widget-wrap elementor-element-populated\">\n\t\t\t\t\t\t<div class=\"elementor-element elementor-element-81961ff elementor-widget elementor-widget-image\" data-id=\"81961ff\" data-element_type=\"widget\" data-widget_type=\"image.default\">\n\t\t\t\t<div class=\"elementor-widget-container\">\n\t\t\t\t\t\t\t\t\t\t\t\t\t\t\t<img fetchpriority=\"high\" decoding=\"async\" width=\"700\" height=\"525\" src=\"https:\/\/aracabsalut.com\/wp-content\/uploads\/2025\/05\/Rehabilitacio-Baix-Llobregat-Aracab-Salut.jpg\" class=\"attachment-full size-full wp-image-1826\" alt=\"\" srcset=\"https:\/\/aracabsalut.com\/wp-content\/uploads\/2025\/05\/Rehabilitacio-Baix-Llobregat-Aracab-Salut.jpg 700w, https:\/\/aracabsalut.com\/wp-content\/uploads\/2025\/05\/Rehabilitacio-Baix-Llobregat-Aracab-Salut-300x225.jpg 300w\" sizes=\"(max-width: 700px) 100vw, 700px\" \/>\t\t\t\t\t\t\t\t\t\t\t\t\t\t\t<\/div>\n\t\t\t\t<\/div>\n\t\t\t\t\t<\/div>\n\t\t<\/div>\n\t\t\t\t\t<\/div>\n\t\t<\/section>\n\t\t\t\t\t<\/div>\n\t\t<\/div>\n\t\t\t\t\t<\/div>\n\t\t<\/section>\n\t\t\t\t<\/div>\n\t\t","protected":false},"excerpt":{"rendered":"<p>Rehabilitaci\u00f3 al Baix Llobregat No cal tenir una m\u00fatua sanit\u00e0ria per rebre un bon tractament en cas de patir lesions agudes que requereixen un tractament repetit en un espai curt de temps. Centre de rehabilitaci\u00f3 al Baix Llobregat Aquests tractaments de rehabilitaci\u00f3 poden resultar costosos, especialment pel nombre elevat de sessions que poden requerir. No [&hellip;]<\/p>\n","protected":false},"author":1,"featured_media":1734,"parent":0,"menu_order":0,"comment_status":"closed","ping_status":"closed","template":"elementor_header_footer","meta":{"site-sidebar-layout":"no-sidebar","site-content-layout":"page-builder","ast-site-content-layout":"full-width-container","site-content-style":"unboxed","site-sidebar-style":"unboxed","ast-global-header-display":"","ast-banner-title-visibility":"","ast-main-header-display":"","ast-hfb-above-header-display":"","ast-hfb-below-header-display":"","ast-hfb-mobile-header-display":"","site-post-title":"disabled","ast-breadcrumbs-content":"","ast-featured-img":"disabled","footer-sml-layout":"","theme-transparent-header-meta":"default","adv-header-id-meta":"","stick-header-meta":"default","header-above-stick-meta":"","header-main-stick-meta":"","header-below-stick-meta":"","astra-migrate-meta-layouts":"set","ast-page-background-enabled":"default","ast-page-background-meta":{"desktop":{"background-color":"var(--ast-global-color-4)","background-image":"","background-repeat":"repeat","background-position":"center center","background-size":"auto","background-attachment":"scroll","background-type":"","background-media":"","overlay-type":"","overlay-color":"","overlay-opacity":"","overlay-gradient":""},"tablet":{"background-color":"","background-image":"","background-repeat":"repeat","background-position":"center center","background-size":"auto","background-attachment":"scroll","background-type":"","background-media":"","overlay-type":"","overlay-color":"","overlay-opacity":"","overlay-gradient":""},"mobile":{"background-color":"","background-image":"","background-repeat":"repeat","background-position":"center center","background-size":"auto","background-attachment":"scroll","background-type":"","background-media":"","overlay-type":"","overlay-color":"","overlay-opacity":"","overlay-gradient":""}},"ast-content-background-meta":{"desktop":{"background-color":"var(--ast-global-color-5)","background-image":"","background-repeat":"repeat","background-position":"center center","background-size":"auto","background-attachment":"scroll","background-type":"","background-media":"","overlay-type":"","overlay-color":"","overlay-opacity":"","overlay-gradient":""},"tablet":{"background-color":"var(--ast-global-color-5)","background-image":"","background-repeat":"repeat","background-position":"center center","background-size":"auto","background-attachment":"scroll","background-type":"","background-media":"","overlay-type":"","overlay-color":"","overlay-opacity":"","overlay-gradient":""},"mobile":{"background-color":"var(--ast-global-color-5)","background-image":"","background-repeat":"repeat","background-position":"center center","background-size":"auto","background-attachment":"scroll","background-type":"","background-media":"","overlay-type":"","overlay-color":"","overlay-opacity":"","overlay-gradient":""}},"footnotes":""},"class_list":["post-1733","page","type-page","status-publish","has-post-thumbnail","hentry"],"yoast_head":"<!-- This site is optimized with the Yoast SEO plugin v25.8 - https:\/\/yoast.com\/wordpress\/plugins\/seo\/ -->\n<title>Rehabilitaci\u00f3 al Baix Llobregat - Aracab<\/title>\n<meta name=\"robots\" content=\"index, follow, max-snippet:-1, max-image-preview:large, max-video-preview:-1\" \/>\n<link rel=\"canonical\" href=\"https:\/\/aracabsalut.com\/es\/rehabilitacio-al-baix-llobregat\/\" \/>\n<meta property=\"og:locale\" content=\"es_ES\" \/>\n<meta property=\"og:type\" content=\"article\" \/>\n<meta property=\"og:title\" content=\"Rehabilitaci\u00f3 al Baix Llobregat - Aracab\" \/>\n<meta property=\"og:description\" content=\"Rehabilitaci\u00f3 al Baix Llobregat No cal tenir una m\u00fatua sanit\u00e0ria per rebre un bon tractament en cas de patir lesions agudes que requereixen un tractament repetit en un espai curt de temps. Centre de rehabilitaci\u00f3 al Baix Llobregat Aquests tractaments de rehabilitaci\u00f3 poden resultar costosos, especialment pel nombre elevat de sessions que poden requerir. No [&hellip;]\" \/>\n<meta property=\"og:url\" content=\"https:\/\/aracabsalut.com\/es\/rehabilitacio-al-baix-llobregat\/\" \/>\n<meta property=\"og:site_name\" content=\"Aracab\" \/>\n<meta property=\"og:image\" content=\"https:\/\/aracabsalut.com\/wp-content\/uploads\/2025\/05\/Rehabilitacio-Baix-Llobregat-Aracab-Salut.jpg\" \/>\n<meta name=\"twitter:card\" content=\"summary_large_image\" \/>\n<meta name=\"twitter:label1\" content=\"Tiempo de lectura\" \/>\n\t<meta name=\"twitter:data1\" content=\"1 minuto\" \/>\n<script type=\"application\/ld+json\" class=\"yoast-schema-graph\">{\"@context\":\"https:\/\/schema.org\",\"@graph\":[{\"@type\":\"WebPage\",\"@id\":\"https:\/\/aracabsalut.com\/es\/rehabilitacio-al-baix-llobregat\/\",\"url\":\"https:\/\/aracabsalut.com\/es\/rehabilitacio-al-baix-llobregat\/\",\"name\":\"Rehabilitaci\u00f3 al Baix Llobregat - Aracab\",\"isPartOf\":{\"@id\":\"https:\/\/aracabsalut.com\/#website\"},\"primaryImageOfPage\":{\"@id\":\"https:\/\/aracabsalut.com\/es\/rehabilitacio-al-baix-llobregat\/#primaryimage\"},\"image\":{\"@id\":\"https:\/\/aracabsalut.com\/es\/rehabilitacio-al-baix-llobregat\/#primaryimage\"},\"thumbnailUrl\":\"https:\/\/aracabsalut.com\/wp-content\/uploads\/2025\/05\/Rehabilitacio-al-Baix-Llobregat-Aracab-Salut.webp\",\"datePublished\":\"2025-05-12T09:00:51+00:00\",\"breadcrumb\":{\"@id\":\"https:\/\/aracabsalut.com\/es\/rehabilitacio-al-baix-llobregat\/#breadcrumb\"},\"inLanguage\":\"es\",\"potentialAction\":[{\"@type\":\"ReadAction\",\"target\":[\"https:\/\/aracabsalut.com\/es\/rehabilitacio-al-baix-llobregat\/\"]}]},{\"@type\":\"ImageObject\",\"inLanguage\":\"es\",\"@id\":\"https:\/\/aracabsalut.com\/es\/rehabilitacio-al-baix-llobregat\/#primaryimage\",\"url\":\"https:\/\/aracabsalut.com\/wp-content\/uploads\/2025\/05\/Rehabilitacio-al-Baix-Llobregat-Aracab-Salut.webp\",\"contentUrl\":\"https:\/\/aracabsalut.com\/wp-content\/uploads\/2025\/05\/Rehabilitacio-al-Baix-Llobregat-Aracab-Salut.webp\",\"width\":500,\"height\":500,\"caption\":\"Rehabilitaci\u00f3 al Baix Llobregat\"},{\"@type\":\"BreadcrumbList\",\"@id\":\"https:\/\/aracabsalut.com\/es\/rehabilitacio-al-baix-llobregat\/#breadcrumb\",\"itemListElement\":[{\"@type\":\"ListItem\",\"position\":1,\"name\":\"Home\",\"item\":\"https:\/\/aracabsalut.com\/es\/\"},{\"@type\":\"ListItem\",\"position\":2,\"name\":\"Rehabilitaci\u00f3 al Baix Llobregat\"}]},{\"@type\":\"WebSite\",\"@id\":\"https:\/\/aracabsalut.com\/#website\",\"url\":\"https:\/\/aracabsalut.com\/\",\"name\":\"Aracab\",\"description\":\"Fisioter\u00e0pia i Osteopatia\",\"publisher\":{\"@id\":\"https:\/\/aracabsalut.com\/#organization\"},\"potentialAction\":[{\"@type\":\"SearchAction\",\"target\":{\"@type\":\"EntryPoint\",\"urlTemplate\":\"https:\/\/aracabsalut.com\/?s={search_term_string}\"},\"query-input\":{\"@type\":\"PropertyValueSpecification\",\"valueRequired\":true,\"valueName\":\"search_term_string\"}}],\"inLanguage\":\"es\"},{\"@type\":\"Organization\",\"@id\":\"https:\/\/aracabsalut.com\/#organization\",\"name\":\"Aracab\",\"url\":\"https:\/\/aracabsalut.com\/\",\"logo\":{\"@type\":\"ImageObject\",\"inLanguage\":\"es\",\"@id\":\"https:\/\/aracabsalut.com\/#\/schema\/logo\/image\/\",\"url\":\"https:\/\/aracabsalut.com\/wp-content\/uploads\/2024\/07\/cropped-logo-web.png\",\"contentUrl\":\"https:\/\/aracabsalut.com\/wp-content\/uploads\/2024\/07\/cropped-logo-web.png\",\"width\":2091,\"height\":471,\"caption\":\"Aracab\"},\"image\":{\"@id\":\"https:\/\/aracabsalut.com\/#\/schema\/logo\/image\/\"}}]}<\/script>\n<!-- \/ Yoast SEO plugin. -->","yoast_head_json":{"title":"Rehabilitaci\u00f3 al Baix Llobregat - Aracab","robots":{"index":"index","follow":"follow","max-snippet":"max-snippet:-1","max-image-preview":"max-image-preview:large","max-video-preview":"max-video-preview:-1"},"canonical":"https:\/\/aracabsalut.com\/es\/rehabilitacio-al-baix-llobregat\/","og_locale":"es_ES","og_type":"article","og_title":"Rehabilitaci\u00f3 al Baix Llobregat - Aracab","og_description":"Rehabilitaci\u00f3 al Baix Llobregat No cal tenir una m\u00fatua sanit\u00e0ria per rebre un bon tractament en cas de patir lesions agudes que requereixen un tractament repetit en un espai curt de temps. Centre de rehabilitaci\u00f3 al Baix Llobregat Aquests tractaments de rehabilitaci\u00f3 poden resultar costosos, especialment pel nombre elevat de sessions que poden requerir. No [&hellip;]","og_url":"https:\/\/aracabsalut.com\/es\/rehabilitacio-al-baix-llobregat\/","og_site_name":"Aracab","og_image":[{"url":"https:\/\/aracabsalut.com\/wp-content\/uploads\/2025\/05\/Rehabilitacio-Baix-Llobregat-Aracab-Salut.jpg","type":"","width":"","height":""}],"twitter_card":"summary_large_image","twitter_misc":{"Tiempo de lectura":"1 minuto"},"schema":{"@context":"https:\/\/schema.org","@graph":[{"@type":"WebPage","@id":"https:\/\/aracabsalut.com\/es\/rehabilitacio-al-baix-llobregat\/","url":"https:\/\/aracabsalut.com\/es\/rehabilitacio-al-baix-llobregat\/","name":"Rehabilitaci\u00f3 al Baix Llobregat - Aracab","isPartOf":{"@id":"https:\/\/aracabsalut.com\/#website"},"primaryImageOfPage":{"@id":"https:\/\/aracabsalut.com\/es\/rehabilitacio-al-baix-llobregat\/#primaryimage"},"image":{"@id":"https:\/\/aracabsalut.com\/es\/rehabilitacio-al-baix-llobregat\/#primaryimage"},"thumbnailUrl":"https:\/\/aracabsalut.com\/wp-content\/uploads\/2025\/05\/Rehabilitacio-al-Baix-Llobregat-Aracab-Salut.webp","datePublished":"2025-05-12T09:00:51+00:00","breadcrumb":{"@id":"https:\/\/aracabsalut.com\/es\/rehabilitacio-al-baix-llobregat\/#breadcrumb"},"inLanguage":"es","potentialAction":[{"@type":"ReadAction","target":["https:\/\/aracabsalut.com\/es\/rehabilitacio-al-baix-llobregat\/"]}]},{"@type":"ImageObject","inLanguage":"es","@id":"https:\/\/aracabsalut.com\/es\/rehabilitacio-al-baix-llobregat\/#primaryimage","url":"https:\/\/aracabsalut.com\/wp-content\/uploads\/2025\/05\/Rehabilitacio-al-Baix-Llobregat-Aracab-Salut.webp","contentUrl":"https:\/\/aracabsalut.com\/wp-content\/uploads\/2025\/05\/Rehabilitacio-al-Baix-Llobregat-Aracab-Salut.webp","width":500,"height":500,"caption":"Rehabilitaci\u00f3 al Baix Llobregat"},{"@type":"BreadcrumbList","@id":"https:\/\/aracabsalut.com\/es\/rehabilitacio-al-baix-llobregat\/#breadcrumb","itemListElement":[{"@type":"ListItem","position":1,"name":"Home","item":"https:\/\/aracabsalut.com\/es\/"},{"@type":"ListItem","position":2,"name":"Rehabilitaci\u00f3 al Baix Llobregat"}]},{"@type":"WebSite","@id":"https:\/\/aracabsalut.com\/#website","url":"https:\/\/aracabsalut.com\/","name":"Aracab","description":"Fisioter\u00e0pia i Osteopatia","publisher":{"@id":"https:\/\/aracabsalut.com\/#organization"},"potentialAction":[{"@type":"SearchAction","target":{"@type":"EntryPoint","urlTemplate":"https:\/\/aracabsalut.com\/?s={search_term_string}"},"query-input":{"@type":"PropertyValueSpecification","valueRequired":true,"valueName":"search_term_string"}}],"inLanguage":"es"},{"@type":"Organization","@id":"https:\/\/aracabsalut.com\/#organization","name":"Aracab","url":"https:\/\/aracabsalut.com\/","logo":{"@type":"ImageObject","inLanguage":"es","@id":"https:\/\/aracabsalut.com\/#\/schema\/logo\/image\/","url":"https:\/\/aracabsalut.com\/wp-content\/uploads\/2024\/07\/cropped-logo-web.png","contentUrl":"https:\/\/aracabsalut.com\/wp-content\/uploads\/2024\/07\/cropped-logo-web.png","width":2091,"height":471,"caption":"Aracab"},"image":{"@id":"https:\/\/aracabsalut.com\/#\/schema\/logo\/image\/"}}]}},"_links":{"self":[{"href":"https:\/\/aracabsalut.com\/es\/wp-json\/wp\/v2\/pages\/1733","targetHints":{"allow":["GET"]}}],"collection":[{"href":"https:\/\/aracabsalut.com\/es\/wp-json\/wp\/v2\/pages"}],"about":[{"href":"https:\/\/aracabsalut.com\/es\/wp-json\/wp\/v2\/types\/page"}],"author":[{"embeddable":true,"href":"https:\/\/aracabsalut.com\/es\/wp-json\/wp\/v2\/users\/1"}],"replies":[{"embeddable":true,"href":"https:\/\/aracabsalut.com\/es\/wp-json\/wp\/v2\/comments?post=1733"}],"version-history":[{"count":0,"href":"https:\/\/aracabsalut.com\/es\/wp-json\/wp\/v2\/pages\/1733\/revisions"}],"wp:featuredmedia":[{"embeddable":true,"href":"https:\/\/aracabsalut.com\/es\/wp-json\/wp\/v2\/media\/1734"}],"wp:attachment":[{"href":"https:\/\/aracabsalut.com\/es\/wp-json\/wp\/v2\/media?parent=1733"}],"curies":[{"name":"wp","href":"https:\/\/api.w.org\/{rel}","templated":true}]}}